{"id":23574,"date":"2024-04-16T07:40:24","date_gmt":"2024-04-16T07:40:24","guid":{"rendered":"https:\/\/squarenuts.be\/conditions-generales\/"},"modified":"2026-03-30T07:46:22","modified_gmt":"2026-03-30T07:46:22","slug":"conditions-generales","status":"publish","type":"page","link":"https:\/\/squarenuts.be\/fr\/conditions-generales\/","title":{"rendered":"Conditions g\u00e9n\u00e9rales d&#8217;utilisation"},"content":{"rendered":"\t\t<div data-elementor-type=\"wp-page\" data-elementor-id=\"23574\" class=\"elementor elementor-23574 elementor-23569\" data-elementor-post-type=\"page\">\n\t\t\t\t<div class=\"elementor-element elementor-element-236b414 e-con-full e-flex e-con e-parent\" data-id=\"236b414\" data-element_type=\"container\" data-e-type=\"container\">\n\t\t\t\t<div class=\"elementor-element elementor-element-46d5f99a elementor-widget elementor-widget-text-editor\" data-id=\"46d5f99a\" data-element_type=\"widget\" data-e-type=\"widget\" data-widget_type=\"text-editor.default\">\n\t\t\t\t<div class=\"elementor-widget-container\">\n\t\t\t\t\t\t\t\t\t<h3>Article 1 &#8211; Conditions de vente<\/h3><p>Les ventes de marchandises par Mataro Advice sont r\u00e9gies exclusivement par les pr\u00e9sentes conditions de vente. Toutes les clauses figurant dans les commandes de nos clients, contraires aux pr\u00e9sentes conditions g\u00e9n\u00e9rales, sont consid\u00e9r\u00e9es comme nulles et non avenues. Toute d\u00e9rogation \u00e0 ces conditions g\u00e9n\u00e9rales doit \u00eatre approuv\u00e9e par \u00e9crit par Mataro Advice.<\/p><h3>Article 2 &#8211; Commandes et offres<\/h3><p>Toute commande pass\u00e9e par un client implique l&#8217;acceptation pleine et enti\u00e8re des pr\u00e9sentes conditions g\u00e9n\u00e9rales par ce client. Les commandes pass\u00e9es par le client sont contraignantes et ne peuvent \u00eatre annul\u00e9es par le client. Les offres et les devis de Mataro Advice sont sans engagement. Seules les commandes pass\u00e9es par le client et accept\u00e9es par Mataro Advice sont contraignantes pour Mataro Advice.<\/p><h3>Article 3 &#8211; Conditions de livraison<\/h3><p>La date de livraison est donn\u00e9e \u00e0 titre indicatif. Un retard de livraison ne peut \u00eatre invoqu\u00e9 par le client pour annuler ou suspendre sa commande ou r\u00e9clamer un d\u00e9dommagement. Les commandes pr\u00eates sont mises \u00e0 la disposition du client dans nos ateliers. Toutefois, le client qui souhaite \u00eatre livr\u00e9 doit en informer Mataro Advice au moment de la commande ; tous les frais et risques, quels qu&#8217;ils soient, r\u00e9sultant de la livraison sont \u00e0 la charge exclusive du client. De m\u00eame, toute d\u00e9t\u00e9rioration des marchandises non retir\u00e9es \u00e0 la date de livraison convenue est \u00e0 la charge du client.<\/p><h3>Article 4 &#8211; Plaintes<\/h3><p>Toute r\u00e9clamation doit \u00eatre adress\u00e9e \u00e0 MataroAdvice par lettre recommand\u00e9e dans les 8 jours suivant la livraison. Pass\u00e9 ce d\u00e9lai, les marchandises sont r\u00e9put\u00e9es avoir \u00e9t\u00e9 accept\u00e9es par le client. En aucun cas, une plainte ne peut \u00eatre invoqu\u00e9e pour retarder le paiement d&#8217;une facture ou pour compenser une facture due par le client avec une facture due par Mataro Advice au client.<\/p><h3>Article 5 &#8211; Responsabilit\u00e9<\/h3><p>Si un produit vendu par Mataro Advice est d\u00e9fectueux, Mataro Advice s&#8217;engage \u00e0 le remplacer par un produit similaire de m\u00eame valeur. L&#8217;engagement ne sera applicable que si le client a inform\u00e9 Mataro Advice du d\u00e9faut par lettre recommand\u00e9e dans les 8 jours suivant la livraison. En aucun cas, la responsabilit\u00e9 de Mataro Advice n&#8217;exc\u00e9dera le remplacement du produit d\u00e9fectueux. Aucune indemnit\u00e9 ne peut \u00eatre r\u00e9clam\u00e9e \u00e0 Mataro Advice pour quelque raison que ce soit. Mataro Advice n&#8217;est pas responsable des pertes ou dommages cons\u00e9cutifs. Des diff\u00e9rences de dimensions, de tons, de couleurs et d&#8217;ex\u00e9cution sont express\u00e9ment tol\u00e9r\u00e9es compte tenu de la nature et de la composition des produits et de leur production en grandes quantit\u00e9s. Dans tous les cas, les produits d\u00e9fectueux ne seront remplac\u00e9s que si le d\u00e9faut concerne plus de 5 % du nombre de produits achet\u00e9s. Toute marchandise transform\u00e9e par le client ou un tiers ne sera jamais remplac\u00e9e. Mataro Advice ne peut \u00eatre tenu responsable et ne remplacera un textile endommag\u00e9 lors d&#8217;un travail d&#8217;impression ou de broderie que si le textile a \u00e9t\u00e9 achet\u00e9 et fourni par Mataro Advice. En cons\u00e9quence, tout travail d&#8217;impression ou de broderie effectu\u00e9 sur un textile fourni par le client se fait sous la seule responsabilit\u00e9 de ce dernier.<\/p><h3>Article 6 &#8211; Piles, batteries et produits contenant des piles ou batteries<\/h3><div>Toutes les piles, les batteries et les produits qui les contiennent doivent \u00eatre utilis\u00e9s de fa\u00e7on correcte et responsable en toute s\u00e9curit\u00e9. Pour plus d&#8217;informations concernant ce sujet, vous pouvez consulter le site web de Bebat (<a href=\"https:\/\/www.bebat.be\/fr\/academie\/article-74\" target=\"_blank\" rel=\"noopener\">https:\/\/www.bebat.be\/fr\/academie\/article-74<\/a>)<\/div><h3>Article 7 &#8211; Conditions de paiement<\/h3><p>Le paiement doit \u00eatre effectu\u00e9 au comptant lors de l&#8217;enl\u00e8vement des marchandises ou contre remise \u00e0 la livraison, sans d\u00e9duction, sauf accord contraire de Mataro Advice. Les marchandises restent la propri\u00e9t\u00e9 de Mataro Advice nv jusqu&#8217;au paiement int\u00e9gral. Un accord de paiement diff\u00e9r\u00e9 est dans tous les cas subordonn\u00e9 \u00e0 la signature d&#8217;une lettre de change par le client.<br \/>En cas de non-paiement de la facture \u00e0 l&#8217;\u00e9ch\u00e9ance, un int\u00e9r\u00eat de 12 % par an sera factur\u00e9 de plein droit et sans mise en demeure pr\u00e9alable, ainsi qu&#8217;une p\u00e9nalit\u00e9 forfaitaire de 15 %, avec un minimum de 50 euros. Tout ch\u00e8que refus\u00e9 \u00e0 l&#8217;encaissement donnera lieu \u00e0 une indemnit\u00e9 forfaitaire de 50 e en faveur de Mataro Advice pour frais administratifs, sans pr\u00e9judice des frais de justice qui pourraient r\u00e9sulter d&#8217;une proc\u00e9dure engag\u00e9e par Mataro Advice en vue d&#8217;obtenir le paiement. 11 Il en va de m\u00eame pour tout d\u00e9faut de paiement d&#8217;une lettre de change. Dans ce cas, l&#8217;indemnit\u00e9 forfaitaire est fix\u00e9e \u00e0 100 e.<br \/>Le d\u00e9faut de paiement d&#8217;une facture \u00e0 l&#8217;\u00e9ch\u00e9ance annule le(s) d\u00e9lai(s) accord\u00e9(s) pour le paiement d&#8217;autres marchandises et rend le paiement de ces derni\u00e8res imm\u00e9diatement exigible.<\/p><p><strong>Facturation \u00e9lectronique \u2013 R\u00e9seau Peppol (Belgique)<\/strong><\/p><p>Conform\u00e9ment \u00e0 la l\u00e9gislation belge relative \u00e0 la TVA et \u00e0 l\u2019obligation de facturation \u00e9lectronique structur\u00e9e applicable aux op\u00e9rations B2B \u00e0 compter du 1er janvier 2026, les factures sont \u00e9mises exclusivement sous forme \u00e9lectronique structur\u00e9e et transmises via le r\u00e9seau Peppol.<\/p><p>Le Client reconna\u00eet \u00eatre inform\u00e9 de cette obligation l\u00e9gale et s\u2019engage \u00e0 disposer d\u2019un point d\u2019acc\u00e8s Peppol actif et conforme, ainsi qu\u2019\u00e0 communiquer \u00e0 la Soci\u00e9t\u00e9 son identifiant Peppol et toute information n\u00e9cessaire \u00e0 la bonne r\u00e9ception des factures.<\/p><p>Toute difficult\u00e9 de r\u00e9ception imputable au Client ne saurait affecter la validit\u00e9, l\u2019exigibilit\u00e9 ou la date d\u2019\u00e9mission de la facture.<\/p><p>En cas de litige, les tribunaux de Gand sont seuls comp\u00e9tents.<\/p>\t\t\t\t\t\t\t\t<\/div>\n\t\t\t\t<\/div>\n\t\t\t\t<\/div>\n\t\t\t\t<\/div>\n\t\t","protected":false},"excerpt":{"rendered":"<p>Article 1 &#8211; Conditions de vente Les ventes de marchandises par Mataro Advice sont r\u00e9gies exclusivement par les pr\u00e9sentes conditions de vente. Toutes les clauses figurant dans les commandes de nos clients, contraires aux pr\u00e9sentes conditions g\u00e9n\u00e9rales, sont consid\u00e9r\u00e9es comme nulles et non avenues. Toute d\u00e9rogation \u00e0 ces conditions g\u00e9n\u00e9rales doit \u00eatre approuv\u00e9e par \u00e9crit [&hellip;]<\/p>\n","protected":false},"author":1,"featured_media":0,"parent":0,"menu_order":0,"comment_status":"closed","ping_status":"closed","template":"","meta":{"_acf_changed":false,"footnotes":""},"class_list":["post-23574","page","type-page","status-publish","hentry"],"acf":[],"_links":{"self":[{"href":"https:\/\/squarenuts.be\/fr\/wp-json\/wp\/v2\/pages\/23574","targetHints":{"allow":["GET"]}}],"collection":[{"href":"https:\/\/squarenuts.be\/fr\/wp-json\/wp\/v2\/pages"}],"about":[{"href":"https:\/\/squarenuts.be\/fr\/wp-json\/wp\/v2\/types\/page"}],"author":[{"embeddable":true,"href":"https:\/\/squarenuts.be\/fr\/wp-json\/wp\/v2\/users\/1"}],"replies":[{"embeddable":true,"href":"https:\/\/squarenuts.be\/fr\/wp-json\/wp\/v2\/comments?post=23574"}],"version-history":[{"count":12,"href":"https:\/\/squarenuts.be\/fr\/wp-json\/wp\/v2\/pages\/23574\/revisions"}],"predecessor-version":[{"id":31801,"href":"https:\/\/squarenuts.be\/fr\/wp-json\/wp\/v2\/pages\/23574\/revisions\/31801"}],"wp:attachment":[{"href":"https:\/\/squarenuts.be\/fr\/wp-json\/wp\/v2\/media?parent=23574"}],"curies":[{"name":"wp","href":"https:\/\/api.w.org\/{rel}","templated":true}]}}