{"id":23558,"date":"2024-04-16T07:35:33","date_gmt":"2024-04-16T07:35:33","guid":{"rendered":"https:\/\/squarenuts.be\/politique-en-matiere-de-cookies\/"},"modified":"2024-04-16T07:54:15","modified_gmt":"2024-04-16T07:54:15","slug":"politique-en-matiere-de-cookies","status":"publish","type":"page","link":"https:\/\/squarenuts.be\/fr\/politique-en-matiere-de-cookies\/","title":{"rendered":"Politique en mati\u00e8re de cookies"},"content":{"rendered":"\t\t<div data-elementor-type=\"wp-page\" data-elementor-id=\"23558\" class=\"elementor elementor-23558 elementor-23553\" data-elementor-post-type=\"page\">\n\t\t\t\t<div class=\"elementor-element elementor-element-236b414 e-con-full e-flex e-con e-parent\" data-id=\"236b414\" data-element_type=\"container\" data-e-type=\"container\">\n\t\t\t\t<div class=\"elementor-element elementor-element-46d5f99a elementor-widget elementor-widget-text-editor\" data-id=\"46d5f99a\" data-element_type=\"widget\" data-e-type=\"widget\" data-widget_type=\"text-editor.default\">\n\t\t\t\t<div class=\"elementor-widget-container\">\n\t\t\t\t\t\t\t\t\t<p>Date d&#8217;entr\u00e9e en vigueur : 16-Avril-2024<br \/>Derni\u00e8re mise \u00e0 jour : 16-Avril-2024<\/p><h3>Qu&#8217;est-ce qu&#8217;un cookie ?<\/h3><div class=\"cookie-policy-p\"><p>La pr\u00e9sente politique en mati\u00e8re de cookies explique ce que sont les cookies et comment nous les utilisons, les types de cookies que nous utilisons, c&#8217;est-\u00e0-dire les informations que nous recueillons \u00e0 l&#8217;aide des cookies et la mani\u00e8re dont ces informations sont utilis\u00e9es, ainsi que la mani\u00e8re de g\u00e9rer les param\u00e8tres des cookies.<\/p><p>Les cookies sont de petits fichiers texte utilis\u00e9s pour stocker de petits \u00e9l\u00e9ments d&#8217;information. Ils sont stock\u00e9s sur votre appareil lorsque le site web est charg\u00e9 sur votre navigateur. Ces cookies nous aident \u00e0 faire fonctionner le site web correctement, \u00e0 le rendre plus s\u00fbr, \u00e0 offrir une meilleure exp\u00e9rience \u00e0 l&#8217;utilisateur, \u00e0 comprendre comment le site web fonctionne et \u00e0 analyser ce qui fonctionne et ce qui doit \u00eatre am\u00e9lior\u00e9.<\/p><\/div><h3>Comment utilisons-nous les cookies ?<\/h3><div class=\"cookie-policy-p\"><p>Comme la plupart des services en ligne, notre site web utilise des cookies de premi\u00e8re et de tierce partie \u00e0 plusieurs fins. Les cookies de premi\u00e8re partie sont essentiellement n\u00e9cessaires au bon fonctionnement du site web et ne collectent aucune de vos donn\u00e9es personnelles identifiables.<\/p><p>Les cookies tiers utilis\u00e9s sur notre site web servent principalement \u00e0 comprendre comment le site web fonctionne, comment vous interagissez avec notre site web, \u00e0 assurer la s\u00e9curit\u00e9 de nos services, \u00e0 fournir des publicit\u00e9s pertinentes pour vous et, dans l&#8217;ensemble, \u00e0 vous offrir une exp\u00e9rience utilisateur meilleure et am\u00e9lior\u00e9e et \u00e0 acc\u00e9l\u00e9rer vos interactions futures avec notre site web.<\/p><\/div><h3>Types de cookies que nous utilisons<\/h3><div class=\"cky-audit-table-element\"><h3>N\u00e9cessaire<\/h3><div class=\"cky-category-des\"><p>Les cookies n\u00e9cessaires permettent d&#8217;activer les fonctions de base de ce site, telles que la connexion s\u00e9curis\u00e9e ou l&#8217;ajustement de vos pr\u00e9f\u00e9rences en mati\u00e8re de consentement. Ces cookies ne stockent aucune donn\u00e9e personnelle identifiable.<\/p><\/div><div class=\"cky-table-wrapper\"><table class=\"cky-cookie-audit-table\"><thead><tr><th>Cookie<\/th><th>Dur\u00e9e<\/th><th>Description<\/th><\/tr><\/thead><tbody><tr><td>_wpfuuid<\/td><td>1 an 1 mois 4 jours<\/td><td>Ce cookie est utilis\u00e9 par le plugin WordPress WPForms. Il est utilis\u00e9 pour permettre \u00e0 la version payante du plugin de connecter les entr\u00e9es d&#8217;un m\u00eame utilisateur et est utilis\u00e9 pour certaines fonctionnalit\u00e9s suppl\u00e9mentaires telles que l&#8217;addon Form Abandonment.<\/td><\/tr><tr><td>elementor<\/td><td>jamais<\/td><td>Le th\u00e8me WordPress du site web utilise ce cookie. Il permet au propri\u00e9taire du site de mettre en \u0153uvre ou de modifier le contenu du site en temps r\u00e9el.<\/td><\/tr><tr><td>cookieyes-consent<\/td><td>1 an<\/td><td>CookieYes met en place ce cookie pour m\u00e9moriser les pr\u00e9f\u00e9rences des utilisateurs en mati\u00e8re de consentement afin que ces pr\u00e9f\u00e9rences soient respect\u00e9es lors des visites ult\u00e9rieures sur ce site. Il ne recueille ni ne stocke aucune information personnelle sur les visiteurs du site.<\/td><\/tr><tr><td>rc::a<\/td><td>jamais<\/td><td>Ce cookie est d\u00e9fini par le service Google recaptcha pour identifier les robots afin de prot\u00e9ger le site web contre les attaques de spam malveillantes.<\/td><\/tr><tr><td>rc::c<\/td><td>session<\/td><td>Ce cookie est d\u00e9fini par le service Google recaptcha pour identifier les robots afin de prot\u00e9ger le site web contre les attaques de spam malveillantes.<\/td><\/tr><tr><td>PHPSESSID<\/td><td>6 heures<\/td><td>Ce cookie est natif des applications PHP. Il stocke et identifie l&#8217;identifiant de session unique d&#8217;un utilisateur afin de g\u00e9rer les sessions des utilisateurs sur le site web. Il s&#8217;agit d&#8217;un cookie de session qui sera supprim\u00e9 lorsque toutes les fen\u00eatres du navigateur seront ferm\u00e9es.Functional<\/td><\/tr><\/tbody><\/table><\/div><div class=\"cky-category-des\"><p>Les cookies fonctionnels permettent de r\u00e9aliser certaines fonctionnalit\u00e9s telles que le partage du contenu du site web sur des plateformes de m\u00e9dias sociaux, la collecte de commentaires et d&#8217;autres fonctions de tiers.<\/p><\/div><div class=\"cky-table-wrapper\"><table class=\"cky-cookie-audit-table\"><thead><tr><th>Cookie<\/th><th>Dur\u00e9e<\/th><th>Description<\/th><\/tr><\/thead><tbody><tr><td>wp-wpml_current_language<\/td><td>session<\/td><td>Le plugin multilingue de WordPress utilise ce cookie pour stocker la langue actuelle et les param\u00e8tres linguistiques.Analytics<\/td><\/tr><\/tbody><\/table><\/div><div class=\"cky-category-des\"><p>Les cookies analytiques sont utilis\u00e9s pour comprendre comment les visiteurs interagissent avec le site web. Ces cookies fournissent des informations sur des param\u00e8tres tels que le nombre de visiteurs, le taux de rebond, la source du trafic, etc.<\/p><\/div><div class=\"cky-table-wrapper\"><table class=\"cky-cookie-audit-table\"><thead><tr><th>Cookie<\/th><th>Dur\u00e9e<\/th><th>Description<\/th><\/tr><\/thead><tbody><tr><td>_ga_*<\/td><td>1 an 1 mois 4 jours<\/td><td>Google Analytics utilise ce cookie pour stocker et compter les pages vues.<\/td><\/tr><tr><td>_ga<\/td><td>1 an 1 mois 4 jours<\/td><td>Google Analytics utilise ce cookie pour calculer les donn\u00e9es relatives aux visiteurs, aux sessions et aux campagnes et pour suivre l&#8217;utilisation du site dans le cadre du rapport d&#8217;analyse du site. Le cookie stocke les informations de mani\u00e8re anonyme et attribue un num\u00e9ro g\u00e9n\u00e9r\u00e9 de mani\u00e8re al\u00e9atoire pour reconna\u00eetre les visiteurs uniques.<\/td><\/tr><tr><td>_hjSessionUser_*<\/td><td>1 an<\/td><td>Hotjar d\u00e9finit ce cookie pour s&#8217;assurer que les donn\u00e9es des visites ult\u00e9rieures sur le m\u00eame site sont attribu\u00e9es au m\u00eame identifiant d&#8217;utilisateur, qui persiste dans l&#8217;identifiant d&#8217;utilisateur Hotjar, qui est unique pour ce site.<\/td><\/tr><tr><td>_hjSession_*<\/td><td>1 heure<\/td><td>Hotjar d\u00e9finit ce cookie pour s&#8217;assurer que les donn\u00e9es des visites ult\u00e9rieures sur le m\u00eame site sont attribu\u00e9es au m\u00eame identifiant d&#8217;utilisateur, qui persiste dans l&#8217;identifiant d&#8217;utilisateur Hotjar, qui est unique pour ce site.Performance<\/td><\/tr><\/tbody><\/table><\/div><div class=\"cky-category-des\"><p>Les cookies de performance sont utilis\u00e9s pour comprendre et analyser les principaux indices de performance du site web, ce qui permet d&#8217;offrir une meilleure exp\u00e9rience utilisateur aux visiteurs.<\/p><\/div><div class=\"cky-table-wrapper\"><table class=\"cky-cookie-audit-table\"><thead><tr><th>Cookie<\/th><th>Dur\u00e9e<\/th><th>Description<\/th><\/tr><\/thead><tbody><tr><td>INGRESSCOOKIE<\/td><td>session<\/td><td>Ce cookie est utilis\u00e9 pour l&#8217;\u00e9quilibrage de la charge et le maintien de la session. Cet identifiant de session technique est n\u00e9cessaire pour certaines fonctionnalit\u00e9s du site web.<\/td><\/tr><tr><td>session_id<\/td><td>3 mois<\/td><td>Ce cookie est utilis\u00e9 pour obtenir ou d\u00e9finir l&#8217;identifiant de la session en cours.Uncategorized<\/td><\/tr><\/tbody><\/table><\/div><div class=\"cky-category-des\"><p>Les autres cookies non class\u00e9s sont ceux qui sont en cours d&#8217;analyse et qui n&#8217;ont pas encore \u00e9t\u00e9 class\u00e9s dans une cat\u00e9gorie.<\/p><\/div><div class=\"cky-table-wrapper\"><table class=\"cky-cookie-audit-table\"><thead><tr><th>Cookie<\/th><th>Dur\u00e9e<\/th><th>Description<\/th><\/tr><\/thead><tbody><tr><td>crisp-client%2Fsession%2F4a52d0c5-f16c-4db5-8bba-5fd48b3a73d3<\/td><td>6 mois<\/td><td>La description n&#8217;est pas disponible actuellement.<\/td><\/tr><tr><td>crisp-client%2Fsocket%2F4a52d0c5-f16c-4db5-8bba-5fd48b3a73d3<\/td><td>10 minutes<\/td><td>La description n&#8217;est pas disponible actuellement.<\/td><\/tr><tr><td>randomSeedProducts<\/td><td>5 minutes<\/td><td>La description n&#8217;est pas disponible actuellement.<\/td><\/tr><tr><td>crisp-client\/domain-detect\/1713251994276<\/td><td>session<\/td><td>La description n&#8217;est pas disponible actuellement.<\/td><\/tr><tr><td>crisp-client\/domain-detect\/1713252022263<\/td><td>session<\/td><td>La description n&#8217;est pas disponible actuellement.<\/td><\/tr><tr><td>crisp-client\/domain-detect\/1713252147594<\/td><td>session<\/td><td>La description n&#8217;est pas disponible actuellement.<\/td><\/tr><tr><td>crisp-client\/domain-detect\/1713252169737<\/td><td>session<\/td><td>La description n&#8217;est pas disponible actuellement.<\/td><\/tr><\/tbody><\/table><\/div><\/div><h3>G\u00e9rer les pr\u00e9f\u00e9rences en mati\u00e8re de cookies<\/h3><p class=\"privacy-policy-p\"><a class=\"cky-banner-element\">Param\u00e8tres des cookies<\/a><\/p><div><p>Vous pouvez modifier vos pr\u00e9f\u00e9rences en mati\u00e8re de cookies \u00e0 tout moment en cliquant sur le bouton ci-dessus. Cela vous permettra de revenir sur la banni\u00e8re de consentement aux cookies et de modifier vos pr\u00e9f\u00e9rences ou de retirer votre consentement imm\u00e9diatement.<\/p><p>En outre, les navigateurs proposent des m\u00e9thodes diff\u00e9rentes pour bloquer et supprimer les cookies utilis\u00e9s par les sites web. Vous pouvez modifier les param\u00e8tres de votre navigateur pour bloquer\/supprimer les cookies. Vous trouverez ci-dessous les liens vers les documents d&#8217;aide qui expliquent comment g\u00e9rer et supprimer les cookies des principaux navigateurs web.<\/p><p>Chrome <a href=\"https:\/\/support.google.com\/accounts\/answer\/32050\" target=\"_blank\" rel=\"noopener\">: https:\/\/support.google.com\/accounts\/answer\/32050<\/a><\/p><p>Safari <a href=\"https:\/\/support.apple.com\/en-in\/guide\/safari\/sfri11471\/mac\" target=\"_blank\" rel=\"noopener\">: https:\/\/support.apple.com\/en-in\/guide\/safari\/sfri11471\/mac<\/a><\/p><p>Firefox <a href=\"https:\/\/support.mozilla.org\/en-US\/kb\/clear-cookies-and-site-data-firefox?redirectslug=delete-cookies-remove-info-websites-stored&amp;redirectlocale=en-US\" target=\"_blank\" rel=\"noopener\">: https:\/\/support.mozilla.org\/en-US\/kb\/clear-cookies-and-site-data-firefox?redirectslug=delete-cookies-remove-info-websites-stored&amp;redirectlocale=en-US<\/a><\/p><p>Internet Explorer <a href=\"https:\/\/support.microsoft.com\/en-us\/topic\/how-to-delete-cookie-files-in-internet-explorer-bca9446f-d873-78de-77ba-d42645fa52fc\" target=\"_blank\" rel=\"noopener\">: https:\/\/support.microsoft.com\/en-us\/topic\/how-to-delete-cookie-files-in-internet-explorer-bca9446f-d873-78de-77ba-d42645fa52fc<\/a><\/p><p>Si vous utilisez un autre navigateur web, veuillez consulter les documents d&#8217;assistance officiels de votre navigateur.<\/p><\/div>\t\t\t\t\t\t\t\t<\/div>\n\t\t\t\t<\/div>\n\t\t\t\t<\/div>\n\t\t\t\t<\/div>\n\t\t","protected":false},"excerpt":{"rendered":"<p>Date d&#8217;entr\u00e9e en vigueur : 16-Avril-2024Derni\u00e8re mise \u00e0 jour : 16-Avril-2024 Qu&#8217;est-ce qu&#8217;un cookie ? La pr\u00e9sente politique en mati\u00e8re de cookies explique ce que sont les cookies et comment nous les utilisons, les types de cookies que nous utilisons, c&#8217;est-\u00e0-dire les informations que nous recueillons \u00e0 l&#8217;aide des cookies et la mani\u00e8re dont ces [&hellip;]<\/p>\n","protected":false},"author":1,"featured_media":0,"parent":0,"menu_order":0,"comment_status":"closed","ping_status":"closed","template":"","meta":{"_acf_changed":false,"footnotes":""},"class_list":["post-23558","page","type-page","status-publish","hentry"],"acf":[],"_links":{"self":[{"href":"https:\/\/squarenuts.be\/fr\/wp-json\/wp\/v2\/pages\/23558","targetHints":{"allow":["GET"]}}],"collection":[{"href":"https:\/\/squarenuts.be\/fr\/wp-json\/wp\/v2\/pages"}],"about":[{"href":"https:\/\/squarenuts.be\/fr\/wp-json\/wp\/v2\/types\/page"}],"author":[{"embeddable":true,"href":"https:\/\/squarenuts.be\/fr\/wp-json\/wp\/v2\/users\/1"}],"replies":[{"embeddable":true,"href":"https:\/\/squarenuts.be\/fr\/wp-json\/wp\/v2\/comments?post=23558"}],"version-history":[{"count":12,"href":"https:\/\/squarenuts.be\/fr\/wp-json\/wp\/v2\/pages\/23558\/revisions"}],"predecessor-version":[{"id":23594,"href":"https:\/\/squarenuts.be\/fr\/wp-json\/wp\/v2\/pages\/23558\/revisions\/23594"}],"wp:attachment":[{"href":"https:\/\/squarenuts.be\/fr\/wp-json\/wp\/v2\/media?parent=23558"}],"curies":[{"name":"wp","href":"https:\/\/api.w.org\/{rel}","templated":true}]}}