{"id":19620,"date":"2023-12-19T10:10:51","date_gmt":"2023-12-19T10:10:51","guid":{"rendered":"https:\/\/staging.squarenuts.be\/stanley-stella\/"},"modified":"2025-10-20T13:43:11","modified_gmt":"2025-10-20T13:43:11","slug":"stanley-stella-catalogue","status":"publish","type":"page","link":"https:\/\/squarenuts.be\/fr\/stanley-stella-catalogue\/","title":{"rendered":"Stanley\/Stella Catalogue"},"content":{"rendered":"\t\t<div data-elementor-type=\"wp-page\" data-elementor-id=\"19620\" class=\"elementor elementor-19620 elementor-16023\" data-elementor-post-type=\"page\">\n\t\t\t\t<div class=\"elementor-element elementor-element-be9b66b e-flex e-con-boxed e-con e-parent\" data-id=\"be9b66b\" data-element_type=\"container\" data-e-type=\"container\">\n\t\t\t\t\t<div class=\"e-con-inner\">\n\t\t\t\t<div class=\"elementor-element elementor-element-4a69428 elementor-widget elementor-widget-haru-heading\" data-id=\"4a69428\" data-element_type=\"widget\" data-e-type=\"widget\" data-widget_type=\"haru-heading.default\">\n\t\t\t\t<div class=\"elementor-widget-container\">\n\t\t\t\t\t<h1 class=\"haru-heading-title\">Catalogue Stanley Stella \u2013 Textile \u00e9coresponsable et personnalisable<\/h1>\t\t\t\t<\/div>\n\t\t\t\t<\/div>\n\t\t<div class=\"elementor-element elementor-element-3c81fe5 e-con-full e-flex e-con e-child\" data-id=\"3c81fe5\" data-element_type=\"container\" data-e-type=\"container\">\n\t\t\t\t<div class=\"elementor-element elementor-element-46798a6 elementor-widget elementor-widget-haru-button\" data-id=\"46798a6\" data-element_type=\"widget\" data-e-type=\"widget\" data-widget_type=\"haru-button.default\">\n\t\t\t\t<div class=\"elementor-widget-container\">\n\t\t\t\t\t\n        \t<div class=\"haru-button-wrap\">\n        \t\t<a class=\"haru-button elementor-button1 haru-button--style-1 haru-button--bg-primary haru-button--size-medium haru-button--round-normal elementor-button-link1 haru-button-link\" role=\"button\" href=\"https:\/\/squarenuts.be\/fr\/stanley-stella\/\">\n        \t\t\t\t\t\t<span class=\"elementor-button-content-wrapper1 haru-button-content-wrapper\">\n\t\t\t\t\t\t\t\t<span class=\"elementor-button-text1 haru-button-text\">Stanley \/ Stella Bruxelles<\/span>\n\t\t\t<\/span>\n\t\t\t    \t\t\t<\/a>\n    \t\t<\/div>\n\n    \t\t\t\t\t\t<\/div>\n\t\t\t\t<\/div>\n\t\t\t\t<div class=\"elementor-element elementor-element-13e85ad elementor-widget elementor-widget-haru-button\" data-id=\"13e85ad\" data-element_type=\"widget\" data-e-type=\"widget\" data-widget_type=\"haru-button.default\">\n\t\t\t\t<div class=\"elementor-widget-container\">\n\t\t\t\t\t\n        \t<div class=\"haru-button-wrap\">\n        \t\t<a class=\"haru-button elementor-button1 haru-button--style-1 haru-button--bg-primary haru-button--size-medium haru-button--round-normal elementor-button-link1 haru-button-link\" role=\"button\" href=\"https:\/\/squarenuts.be\/fr\/stanley-stella-revendeur\/\">\n        \t\t\t\t\t\t<span class=\"elementor-button-content-wrapper1 haru-button-content-wrapper\">\n\t\t\t\t\t\t\t\t<span class=\"elementor-button-text1 haru-button-text\">Stanley \/ Stella revendeur<\/span>\n\t\t\t<\/span>\n\t\t\t    \t\t\t<\/a>\n    \t\t<\/div>\n\n    \t\t\t\t\t\t<\/div>\n\t\t\t\t<\/div>\n\t\t\t\t<\/div>\n\t\t\t\t\t<\/div>\n\t\t\t\t<\/div>\n\t\t<div class=\"elementor-element elementor-element-46ed8c2 e-flex e-con-boxed e-con e-parent\" data-id=\"46ed8c2\" data-element_type=\"container\" data-e-type=\"container\">\n\t\t\t\t\t<div class=\"e-con-inner\">\n\t\t<div class=\"elementor-element elementor-element-8f59552 e-flex e-con-boxed e-con e-child\" data-id=\"8f59552\" data-element_type=\"container\" data-e-type=\"container\">\n\t\t\t\t\t<div class=\"e-con-inner\">\n\t\t\t\t<div class=\"elementor-element elementor-element-0c15f7a elementor-widget elementor-widget-html\" data-id=\"0c15f7a\" data-element_type=\"widget\" data-e-type=\"widget\" data-widget_type=\"html.default\">\n\t\t\t\t<div class=\"elementor-widget-container\">\n\t\t\t\t\t\n<div id=\"embeddable-catalogue\" data-lang=\"en\" data-gots=\"true\" data-logo=\"true\" data-officialdealer=\"true\"><\/div>\n<script type=\"text\/javascript\" src=\"https:\/\/api.stanleystella.com\/embeddablecatalogue\/build\/embeddable-catalogue.min.js\"><\/script>\n\t\t\t\t<\/div>\n\t\t\t\t<\/div>\n\t\t\t\t\t<\/div>\n\t\t\t\t<\/div>\n\t\t\t\t\t<\/div>\n\t\t\t\t<\/div>\n\t\t<div class=\"elementor-element elementor-element-9ea0331 e-flex e-con-boxed e-con e-parent\" data-id=\"9ea0331\" data-element_type=\"container\" data-e-type=\"container\">\n\t\t\t\t\t<div class=\"e-con-inner\">\n\t\t\t\t<div class=\"elementor-element elementor-element-b8de698 elementor-widget elementor-widget-haru-accordion\" data-id=\"b8de698\" data-element_type=\"widget\" data-e-type=\"widget\" data-widget_type=\"haru-accordion.default\">\n\t\t\t\t<div class=\"elementor-widget-container\">\n\t\t\t\t\t\n                          <!--   <div class=\"haru-accordion haru-accordion--style-1\" role=\"tablist\">\n                                    <\/div> -->\n                <div class=\"haru-accordion haru-accordion--style-1\" role=\"tablist\">\n                    \n                                            <div class=\"haru-accordion-item active\">\n                            <div id=\"haru-tab-title-1931\" class=\"haru-tab-title active\" data-tab=\"1\" role=\"tab\" aria-controls=\"haru-tab-content-1931\">\n                                                                    <span class=\"haru-accordion-icon haru-accordion-icon-right\" aria-hidden=\"true\">\n                                                                            <span class=\"haru-accordion-icon-closed\"><i class=\"phosphor phosphor-caret-down\"><\/i><\/span>\n                                        <span class=\"haru-accordion-icon-opened\"><i class=\"phosphor phosphor-caret-up\"><\/i><\/span>\n                                                                        <\/span>\n                                                                <a class=\"haru-accordion-title\" href=\"\">O\u00f9 consulter le catalogue Stanley Stella ?<\/a>\n                            <\/div>\n                            <div id=\"haru-tab-content-1931\" class=\"haru-tab-content haru-clearfix active\" data-tab=\"1\" aria-labelledby=\"haru-tab-title-1931\">Le <strong>catalogue Stanley Stella<\/strong> est disponible en ligne sur le site officiel de la marque et aupr\u00e8s de ses <strong>revendeurs agr\u00e9\u00e9s<\/strong>.  \nChez <strong>SquareNuts<\/strong>, vous pouvez parcourir le <strong>catalogue Stanley Stella<\/strong> complet directement sur notre plateforme, avec toutes les r\u00e9f\u00e9rences : t-shirts, sweats, hoodies, polos, tote bags et accessoires.  \nChaque mod\u00e8le peut \u00eatre <strong>personnalis\u00e9<\/strong> selon vos besoins en broderie, impression ou transfert.  \n<a href=\"https:\/\/squarenuts.be\/stanley-stella-catalog\/\" target=\"_blank\" rel=\"noopener\">Voir le catalogue Stanley Stella complet<\/a>\n<\/div>\n                        <\/div>\n                                            <div class=\"haru-accordion-item \">\n                            <div id=\"haru-tab-title-1932\" class=\"haru-tab-title\" data-tab=\"2\" role=\"tab\" aria-controls=\"haru-tab-content-1932\">\n                                                                    <span class=\"haru-accordion-icon haru-accordion-icon-right\" aria-hidden=\"true\">\n                                                                            <span class=\"haru-accordion-icon-closed\"><i class=\"phosphor phosphor-caret-down\"><\/i><\/span>\n                                        <span class=\"haru-accordion-icon-opened\"><i class=\"phosphor phosphor-caret-up\"><\/i><\/span>\n                                                                        <\/span>\n                                                                <a class=\"haru-accordion-title\" href=\"\">Qu\u2019est-ce que le catalogue Stanley Stella contient ?<\/a>\n                            <\/div>\n                            <div id=\"haru-tab-content-1932\" class=\"haru-tab-content haru-clearfix\" data-tab=\"2\" aria-labelledby=\"haru-tab-title-1932\">Le <strong>catalogue Stanley Stella<\/strong> regroupe l\u2019ensemble des collections de la marque : v\u00eatements pour hommes, femmes et enfants, r\u00e9alis\u00e9s en <strong>mati\u00e8res durables<\/strong> et certifi\u00e9es.  \nOn y retrouve des <strong>t-shirts, sweats, hoodies, polos, tote bags et vestes<\/strong> con\u00e7us pour la <strong>personnalisation textile<\/strong>.  \nLes lignes sont r\u00e9guli\u00e8rement mises \u00e0 jour pour proposer des <strong>couleurs tendance<\/strong> et des <strong>coupes modernes<\/strong> adapt\u00e9es \u00e0 la communication des marques.  \n<a href=\"https:\/\/squarenuts.be\/stanley-stella-catalog\/\" target=\"_blank\" rel=\"noopener\">D\u00e9couvrir les mod\u00e8les disponibles<\/a>\n<\/div>\n                        <\/div>\n                                            <div class=\"haru-accordion-item \">\n                            <div id=\"haru-tab-title-1933\" class=\"haru-tab-title\" data-tab=\"3\" role=\"tab\" aria-controls=\"haru-tab-content-1933\">\n                                                                    <span class=\"haru-accordion-icon haru-accordion-icon-right\" aria-hidden=\"true\">\n                                                                            <span class=\"haru-accordion-icon-closed\"><i class=\"phosphor phosphor-caret-down\"><\/i><\/span>\n                                        <span class=\"haru-accordion-icon-opened\"><i class=\"phosphor phosphor-caret-up\"><\/i><\/span>\n                                                                        <\/span>\n                                                                <a class=\"haru-accordion-title\" href=\"\">Pourquoi choisir les produits du catalogue Stanley Stella ?<\/a>\n                            <\/div>\n                            <div id=\"haru-tab-content-1933\" class=\"haru-tab-content haru-clearfix\" data-tab=\"3\" aria-labelledby=\"haru-tab-title-1933\"><p>Les v\u00eatements du &lt;strong&gt;catalogue Stanley Stella&lt;\/strong&gt; se distinguent par leur &lt;strong&gt;qualit\u00e9 premium&lt;\/strong&gt; et leur fabrication &lt;strong&gt;responsable&lt;\/strong&gt;. <br \/>Ils sont r\u00e9alis\u00e9s en &lt;strong&gt;coton biologique&lt;\/strong&gt; et en &lt;strong&gt;mati\u00e8res recycl\u00e9es&lt;\/strong&gt;, garantissant confort, durabilit\u00e9 et respect de l\u2019environnement. <br \/>Pour les marques et agences, ces produits offrent une base id\u00e9ale pour la &lt;strong&gt;personnalisation haut de gamme&lt;\/strong&gt; et la cr\u00e9ation d\u2019une identit\u00e9 visuelle forte. <br \/>&lt;a href=&#8221;https:\/\/squarenuts.be\/contact\/&#8221; target=&#8221;_blank&#8221; rel=&#8221;noopener&#8221;&gt;Demandez conseil \u00e0 notre \u00e9quipe&lt;\/a&gt;<\/p><\/div>\n                        <\/div>\n                                            <div class=\"haru-accordion-item \">\n                            <div id=\"haru-tab-title-1934\" class=\"haru-tab-title\" data-tab=\"4\" role=\"tab\" aria-controls=\"haru-tab-content-1934\">\n                                                                    <span class=\"haru-accordion-icon haru-accordion-icon-right\" aria-hidden=\"true\">\n                                                                            <span class=\"haru-accordion-icon-closed\"><i class=\"phosphor phosphor-caret-down\"><\/i><\/span>\n                                        <span class=\"haru-accordion-icon-opened\"><i class=\"phosphor phosphor-caret-up\"><\/i><\/span>\n                                                                        <\/span>\n                                                                <a class=\"haru-accordion-title\" href=\"\">Le catalogue Stanley Stella \u00e9volue-t-il chaque ann\u00e9e ?<\/a>\n                            <\/div>\n                            <div id=\"haru-tab-content-1934\" class=\"haru-tab-content haru-clearfix\" data-tab=\"4\" aria-labelledby=\"haru-tab-title-1934\">Oui, le <strong>catalogue Stanley Stella<\/strong> est mis \u00e0 jour chaque ann\u00e9e avec de nouvelles collections, mati\u00e8res et coloris.  \nLa marque s\u2019inspire des <strong>tendances mode<\/strong> et des <strong>innovations durables<\/strong> pour proposer des v\u00eatements toujours plus respectueux de l\u2019environnement et adapt\u00e9s aux besoins des entreprises.  \nChez <strong>SquareNuts<\/strong>, nous tenons \u00e0 jour notre s\u00e9lection pour que vous puissiez acc\u00e9der aux <strong>derni\u00e8res nouveaut\u00e9s Stanley Stella<\/strong> d\u00e8s leur sortie.  \n<a href=\"https:\/\/squarenuts.be\/stanley-stella-catalog\/\" target=\"_blank\" rel=\"noopener\">Parcourir les nouveaut\u00e9s du catalogue<\/a>\n<\/div>\n                        <\/div>\n                    \n                    \n                    \n                                    <\/div>\n                \n            \n            \t\t\t\t<\/div>\n\t\t\t\t<\/div>\n\t\t\t\t\t<\/div>\n\t\t\t\t<\/div>\n\t\t\t\t<\/div>\n\t\t","protected":false},"excerpt":{"rendered":"<p>Catalogue Stanley Stella \u2013 Textile \u00e9coresponsable et personnalisable Stanley \/ Stella Bruxelles Stanley \/ Stella revendeur O\u00f9 consulter le catalogue Stanley Stella ? Le catalogue Stanley Stella est disponible en ligne sur le site officiel de la marque et aupr\u00e8s de ses revendeurs agr\u00e9\u00e9s. Chez SquareNuts, vous pouvez parcourir le catalogue Stanley Stella complet directement [&hellip;]<\/p>\n","protected":false},"author":1,"featured_media":0,"parent":0,"menu_order":0,"comment_status":"closed","ping_status":"closed","template":"elementor_header_footer","meta":{"_acf_changed":false,"footnotes":""},"class_list":["post-19620","page","type-page","status-publish","hentry"],"acf":[],"_links":{"self":[{"href":"https:\/\/squarenuts.be\/fr\/wp-json\/wp\/v2\/pages\/19620","targetHints":{"allow":["GET"]}}],"collection":[{"href":"https:\/\/squarenuts.be\/fr\/wp-json\/wp\/v2\/pages"}],"about":[{"href":"https:\/\/squarenuts.be\/fr\/wp-json\/wp\/v2\/types\/page"}],"author":[{"embeddable":true,"href":"https:\/\/squarenuts.be\/fr\/wp-json\/wp\/v2\/users\/1"}],"replies":[{"embeddable":true,"href":"https:\/\/squarenuts.be\/fr\/wp-json\/wp\/v2\/comments?post=19620"}],"version-history":[{"count":15,"href":"https:\/\/squarenuts.be\/fr\/wp-json\/wp\/v2\/pages\/19620\/revisions"}],"predecessor-version":[{"id":30581,"href":"https:\/\/squarenuts.be\/fr\/wp-json\/wp\/v2\/pages\/19620\/revisions\/30581"}],"wp:attachment":[{"href":"https:\/\/squarenuts.be\/fr\/wp-json\/wp\/v2\/media?parent=19620"}],"curies":[{"name":"wp","href":"https:\/\/api.w.org\/{rel}","templated":true}]}}