{"id":19360,"date":"2022-09-26T08:06:05","date_gmt":"2022-09-26T08:06:05","guid":{"rendered":"https:\/\/staging.squarenuts.be\/nous-contacter\/"},"modified":"2025-01-21T17:13:16","modified_gmt":"2025-01-21T17:13:16","slug":"nous-contacter","status":"publish","type":"page","link":"https:\/\/squarenuts.be\/fr\/nous-contacter\/","title":{"rendered":"Nous contacter"},"content":{"rendered":"\t\t<div data-elementor-type=\"wp-page\" data-elementor-id=\"19360\" class=\"elementor elementor-19360 elementor-7691\" data-elementor-post-type=\"page\">\n\t\t\t\t<div class=\"elementor-element elementor-element-3e51c9b e-flex e-con-boxed e-con e-parent\" data-id=\"3e51c9b\" data-element_type=\"container\" data-e-type=\"container\">\n\t\t\t\t\t<div class=\"e-con-inner\">\n\t\t<div class=\"elementor-element elementor-element-0a37446 e-con-full e-flex e-con e-child\" data-id=\"0a37446\" data-element_type=\"container\" data-e-type=\"container\">\n\t\t\t\t<div class=\"elementor-element elementor-element-dc7af7d elementor-widget elementor-widget-haru-heading\" data-id=\"dc7af7d\" data-element_type=\"widget\" data-e-type=\"widget\" data-widget_type=\"haru-heading.default\">\n\t\t\t\t<div class=\"elementor-widget-container\">\n\t\t\t\t\t<h2 class=\"haru-heading-title haru-heading-title--heading-7\">Contactez-nous<\/h2>\t\t\t\t<\/div>\n\t\t\t\t<\/div>\n\t\t<div class=\"elementor-element elementor-element-59c7685 e-con-full e-flex e-con e-child\" data-id=\"59c7685\" data-element_type=\"container\" data-e-type=\"container\">\n\t\t<div class=\"elementor-element elementor-element-cd27b6a e-con-full e-flex e-con e-child\" data-id=\"cd27b6a\" data-element_type=\"container\" data-e-type=\"container\">\n\t\t<div class=\"elementor-element elementor-element-bffc56f e-con-full e-flex e-con e-child\" data-id=\"bffc56f\" data-element_type=\"container\" data-e-type=\"container\">\n\t\t<div class=\"elementor-element elementor-element-84fc00a e-grid e-con-boxed e-con e-child\" data-id=\"84fc00a\" data-element_type=\"container\" data-e-type=\"container\">\n\t\t\t\t\t<div class=\"e-con-inner\">\n\t\t\t\t<div class=\"elementor-element elementor-element-a05c1e4 elementor-widget elementor-widget-haru-icon-box\" data-id=\"a05c1e4\" data-element_type=\"widget\" data-e-type=\"widget\" data-widget_type=\"haru-icon-box.default\">\n\t\t\t\t<div class=\"elementor-widget-container\">\n\t\t\t\t\t\n                            <div class=\"haru-icon-box haru-icon-box--style-1\">\n                                                                        <div class=\"haru-icon-box__icon\">\n                                <span  >\n                                <i aria-hidden=\"true\" class=\"phosphor phosphor-map-pin\"><\/i>                                <\/span>\n                            <\/div>\n\n                            <div class=\"haru-icon-box__content\">\n                                <h6 class=\"haru-icon-box__title\">\n                                                                            SquareNuts BE                                                                    <\/h6>\n                                                                <p class=\"haru-icon-box__description\">Avenue du Roi, 107<br>\n1190 Forest, Belgium<\/p>\n                                                            <\/div>\n                                            \n                                                                \n                                    <\/div>\n            \n            \t\t\t\t<\/div>\n\t\t\t\t<\/div>\n\t\t\t\t<div class=\"elementor-element elementor-element-ded8779 elementor-widget elementor-widget-haru-icon-box\" data-id=\"ded8779\" data-element_type=\"widget\" data-e-type=\"widget\" data-widget_type=\"haru-icon-box.default\">\n\t\t\t\t<div class=\"elementor-widget-container\">\n\t\t\t\t\t\n                            <div class=\"haru-icon-box haru-icon-box--style-1\">\n                                                                        <div class=\"haru-icon-box__icon\">\n                                <span  >\n                                <i aria-hidden=\"true\" class=\"phosphor phosphor-phone-call\"><\/i>                                <\/span>\n                            <\/div>\n\n                            <div class=\"haru-icon-box__content\">\n                                <h6 class=\"haru-icon-box__title\">\n                                                                            Appelez-nous                                                                    <\/h6>\n                                                                <p class=\"haru-icon-box__description\"><strong><a href=\"tel:+3228973420\">+32 2 897 34 20<\/a><\/strong><br>info@squarenuts.be<\/p>\n                                                            <\/div>\n                                            \n                                                                \n                                    <\/div>\n            \n            \t\t\t\t<\/div>\n\t\t\t\t<\/div>\n\t\t\t\t\t<\/div>\n\t\t\t\t<\/div>\n\t\t<div class=\"elementor-element elementor-element-0dedd6c e-grid e-con-boxed e-con e-child\" data-id=\"0dedd6c\" data-element_type=\"container\" data-e-type=\"container\">\n\t\t\t\t\t<div class=\"e-con-inner\">\n\t\t\t\t<div class=\"elementor-element elementor-element-f97e2b5 elementor-widget elementor-widget-haru-icon-box\" data-id=\"f97e2b5\" data-element_type=\"widget\" data-e-type=\"widget\" data-widget_type=\"haru-icon-box.default\">\n\t\t\t\t<div class=\"elementor-widget-container\">\n\t\t\t\t\t\n                            <div class=\"haru-icon-box haru-icon-box--style-1\">\n                                                                        <div class=\"haru-icon-box__icon\">\n                                <span  >\n                                <i aria-hidden=\"true\" class=\"phosphor phosphor-map-pin\"><\/i>                                <\/span>\n                            <\/div>\n\n                            <div class=\"haru-icon-box__content\">\n                                <h6 class=\"haru-icon-box__title\">\n                                                                            Yourtex Uk Ltd                                                                    <\/h6>\n                                                                <p class=\"haru-icon-box__description\">Suite 16 Epoch House\nFalkirk Road\nFK3 8WW - Grangemouth\nScotland<\/p>\n                                                            <\/div>\n                                            \n                                                                \n                                    <\/div>\n            \n            \t\t\t\t<\/div>\n\t\t\t\t<\/div>\n\t\t\t\t<div class=\"elementor-element elementor-element-ec7a943 elementor-widget elementor-widget-haru-icon-box\" data-id=\"ec7a943\" data-element_type=\"widget\" data-e-type=\"widget\" data-widget_type=\"haru-icon-box.default\">\n\t\t\t\t<div class=\"elementor-widget-container\">\n\t\t\t\t\t\n                            <div class=\"haru-icon-box haru-icon-box--style-1\">\n                                                                        <div class=\"haru-icon-box__icon\">\n                                <span  >\n                                <i aria-hidden=\"true\" class=\"phosphor phosphor-phone-call\"><\/i>                                <\/span>\n                            <\/div>\n\n                            <div class=\"haru-icon-box__content\">\n                                <h6 class=\"haru-icon-box__title\">\n                                                                            \u00c9crivez-nous                                                                    <\/h6>\n                                                                <p class=\"haru-icon-box__description\">info@yourtex.co.uk<\/p>\n                                                            <\/div>\n                                            \n                                                                \n                                    <\/div>\n            \n            \t\t\t\t<\/div>\n\t\t\t\t<\/div>\n\t\t\t\t\t<\/div>\n\t\t\t\t<\/div>\n\t\t\t\t<\/div>\n\t\t\t\t<\/div>\n\t\t\t\t<\/div>\n\t\t\t\t<\/div>\n\t\t<div class=\"elementor-element elementor-element-746c9a8 e-con-full e-flex e-con e-child\" data-id=\"746c9a8\" data-element_type=\"container\" data-e-type=\"container\">\n\t\t\t\t<div class=\"elementor-element elementor-element-d38f9e5 elementor-widget elementor-widget-haru-heading\" data-id=\"d38f9e5\" data-element_type=\"widget\" data-e-type=\"widget\" data-widget_type=\"haru-heading.default\">\n\t\t\t\t<div class=\"elementor-widget-container\">\n\t\t\t\t\t<h2 class=\"haru-heading-title haru-heading-title--heading-7\">Nous \u00e9crire<\/h2>\t\t\t\t<\/div>\n\t\t\t\t<\/div>\n\t\t\t\t<div class=\"elementor-element elementor-element-a610294 elementor-widget elementor-widget-haru-heading\" data-id=\"a610294\" data-element_type=\"widget\" data-e-type=\"widget\" data-widget_type=\"haru-heading.default\">\n\t\t\t\t<div class=\"elementor-widget-container\">\n\t\t\t\t\t<h2 class=\"haru-heading-title haru-heading-title--description-2\">Vous avez des questions ou vous cherchez un produit exclusif ? N'h\u00e9sitez pas \u00e0 nous contacter ! Nous sommes l\u00e0 pour vous aider et serions ravis de vous entendre.<\/h2>\t\t\t\t<\/div>\n\t\t\t\t<\/div>\n\t\t\t\t<div class=\"elementor-element elementor-element-6935c5b elementor-widget elementor-widget-wpforms\" data-id=\"6935c5b\" data-element_type=\"widget\" data-e-type=\"widget\" data-widget_type=\"wpforms.default\">\n\t\t\t\t<div class=\"elementor-widget-container\">\n\t\t\t\t\t<style id=\"wpforms-css-vars-elementor-widget-6935c5b\">\n\t\t\t\t.elementor-widget-wpforms.elementor-element-6935c5b {\n\t\t\t\t--wpforms-field-border-radius: 25px;\n--wpforms-field-background-color: #F5F5F5;\n--wpforms-field-border-color: #00000000;\n--wpforms-field-border-color-spare: #00000000;\n--wpforms-field-text-color: #333333;\n--wpforms-button-border-radius: 25px;\n--wpforms-button-background-color: #F8A77A;\n\t\t\t}\n\t\t\t<\/style><div class=\"wpforms-container wpforms-container-full wpforms-render-modern\" id=\"wpforms-20635\"><form id=\"wpforms-form-20635\" class=\"wpforms-validate wpforms-form wpforms-ajax-form\" data-formid=\"20635\" method=\"post\" enctype=\"multipart\/form-data\" action=\"\/fr\/wp-json\/wp\/v2\/pages\/19360\" data-token=\"16f66adb1b79354f553d020f6fd14bd1\" data-token-time=\"1776515161\"><noscript class=\"wpforms-error-noscript\">Veuillez activer JavaScript dans votre navigateur pour remplir ce formulaire.<\/noscript><div id=\"wpforms-error-noscript\" style=\"display: none;\">Veuillez activer JavaScript dans votre navigateur pour remplir ce formulaire.<\/div><div class=\"wpforms-field-container\"><div id=\"wpforms-20635-field_0-container\" class=\"wpforms-field wpforms-field-name\" data-field-id=\"0\"><fieldset><legend class=\"wpforms-field-label wpforms-label-hide\" aria-hidden=\"false\">Name <span class=\"wpforms-required-label\" aria-hidden=\"true\">*<\/span><\/legend><div class=\"wpforms-field-row wpforms-field-large\"><div class=\"wpforms-field-row-block wpforms-first wpforms-one-half\"><input type=\"text\" id=\"wpforms-20635-field_0\" class=\"wpforms-field-name-first wpforms-field-required\" name=\"wpforms[fields][0][first]\" placeholder=\"Pr\u00e9nom\" aria-errormessage=\"wpforms-20635-field_0-error\" required><label for=\"wpforms-20635-field_0\" class=\"wpforms-field-sublabel after wpforms-sublabel-hide\">First<\/label><\/div><div class=\"wpforms-field-row-block wpforms-one-half\"><input type=\"text\" id=\"wpforms-20635-field_0-last\" class=\"wpforms-field-name-last wpforms-field-required\" name=\"wpforms[fields][0][last]\" placeholder=\"Nom\" aria-errormessage=\"wpforms-20635-field_0-last-error\" required><label for=\"wpforms-20635-field_0-last\" class=\"wpforms-field-sublabel after wpforms-sublabel-hide\">Last<\/label><\/div><\/div><\/fieldset><\/div><div id=\"wpforms-20635-field_1-container\" class=\"wpforms-field wpforms-field-email\" data-field-id=\"1\"><label class=\"wpforms-field-label wpforms-label-hide\" for=\"wpforms-20635-field_1\" aria-hidden=\"false\">E-mail <span class=\"wpforms-required-label\" aria-hidden=\"true\">*<\/span><\/label><input type=\"email\" id=\"wpforms-20635-field_1\" class=\"wpforms-field-large wpforms-field-required\" name=\"wpforms[fields][1]\" placeholder=\"Email\" spellcheck=\"false\" aria-errormessage=\"wpforms-20635-field_1-error\" required><\/div><div id=\"wpforms-20635-field_2-container\" class=\"wpforms-field wpforms-field-textarea\" data-field-id=\"2\"><label class=\"wpforms-field-label wpforms-label-hide\" for=\"wpforms-20635-field_2\" aria-hidden=\"false\">Message <span class=\"wpforms-required-label\" aria-hidden=\"true\">*<\/span><\/label><textarea id=\"wpforms-20635-field_2\" class=\"wpforms-field-large wpforms-field-required\" name=\"wpforms[fields][2]\" placeholder=\"Message\" aria-errormessage=\"wpforms-20635-field_2-error\" required><\/textarea><\/div><div id=\"wpforms-20635-field_3-container\" class=\"wpforms-field wpforms-field-hidden\" data-field-id=\"3\"><input type=\"hidden\" id=\"wpforms-20635-field_3\" name=\"wpforms[fields][3]\"><\/div><div id=\"wpforms-20635-field_4-container\" class=\"wpforms-field wpforms-field-hidden\" data-field-id=\"4\"><input type=\"hidden\" id=\"wpforms-20635-field_4\" name=\"wpforms[fields][4]\"><\/div><div id=\"wpforms-20635-field_5-container\" class=\"wpforms-field wpforms-field-hidden\" data-field-id=\"5\"><input type=\"hidden\" id=\"wpforms-20635-field_5\" name=\"wpforms[fields][5]\"><\/div><div id=\"wpforms-20635-field_6-container\" class=\"wpforms-field wpforms-field-hidden\" data-field-id=\"6\"><input type=\"hidden\" id=\"wpforms-20635-field_6\" name=\"wpforms[fields][6]\"><\/div><div id=\"wpforms-20635-field_7-container\" class=\"wpforms-field wpforms-field-hidden\" data-field-id=\"7\"><input type=\"hidden\" id=\"wpforms-20635-field_7\" name=\"wpforms[fields][7]\"><\/div><\/div><!-- .wpforms-field-container --><div class=\"wpforms-recaptcha-container wpforms-is-recaptcha wpforms-is-recaptcha-type-v3\" ><input type=\"hidden\" name=\"wpforms[recaptcha]\" value=\"\"><\/div><div class=\"wpforms-submit-container\" ><input type=\"hidden\" name=\"wpforms[id]\" value=\"20635\"><input type=\"hidden\" name=\"page_title\" value=\"\"><input type=\"hidden\" name=\"page_url\" value=\"https:\/\/squarenuts.be\/fr\/wp-json\/wp\/v2\/pages\/19360\"><input type=\"hidden\" name=\"url_referer\" value=\"\"><button type=\"submit\" name=\"wpforms[submit]\" id=\"wpforms-submit-20635\" class=\"wpforms-submit\" data-alt-text=\"Envoi en cours...\" data-submit-text=\"Envoyer\" aria-live=\"assertive\" value=\"wpforms-submit\">Envoyer<\/button><img decoding=\"async\" src=\"https:\/\/squarenuts.be\/wp-content\/plugins\/wpforms\/assets\/images\/submit-spin.svg\" class=\"wpforms-submit-spinner\" style=\"display: none;\" width=\"26\" height=\"26\" alt=\"Chargement\"><\/div><\/form><\/div>  <!-- .wpforms-container -->\t\t\t\t<\/div>\n\t\t\t\t<\/div>\n\t\t\t\t<\/div>\n\t\t\t\t\t<\/div>\n\t\t\t\t<\/div>\n\t\t<div class=\"elementor-element elementor-element-5df81d6 e-flex e-con-boxed e-con e-parent\" data-id=\"5df81d6\" data-element_type=\"container\" data-e-type=\"container\">\n\t\t\t\t\t<div class=\"e-con-inner\">\n\t\t<div class=\"elementor-element elementor-element-66911fc e-con-full e-flex e-con e-child\" data-id=\"66911fc\" data-element_type=\"container\" data-e-type=\"container\">\n\t\t\t\t<div class=\"elementor-element elementor-element-ca41e51 elementor-widget elementor-widget-haru-google-maps\" data-id=\"ca41e51\" data-element_type=\"widget\" data-e-type=\"widget\" data-widget_type=\"haru-google-maps.default\">\n\t\t\t\t<div class=\"elementor-widget-container\">\n\t\t\t\t\t\n                            <div class=\"haru-google-maps haru-google-maps--style-1\">\n                                        <div class=\"haru-custom-embed\">\n                        <iframe src=\"https:\/\/maps.google.com\/maps?q=Squarenuts%20107%20avenue%20du%20roi%201190%20forest&amp;t=m&amp;z=15&amp;output=embed&amp;iwloc=near\" title=\"%3$s\" aria-label=\"%3$s\"><\/iframe>\n                    <\/div>\n                <\/div>\n            \n            \t\t\t\t<\/div>\n\t\t\t\t<\/div>\n\t\t\t\t<\/div>\n\t\t\t\t\t<\/div>\n\t\t\t\t<\/div>\n\t\t\t\t<\/div>\n\t\t","protected":false},"excerpt":{"rendered":"<p>Contactez-nous SquareNuts BE Avenue du Roi, 107 1190 Forest, Belgium Appelez-nous +32 2 897 34 20info@squarenuts.be Yourtex Uk Ltd Suite 16 Epoch House Falkirk Road FK3 8WW &#8211; Grangemouth Scotland \u00c9crivez-nous info@yourtex.co.uk Nous \u00e9crire Vous avez des questions ou vous cherchez un produit exclusif ? N&#8217;h\u00e9sitez pas \u00e0 nous contacter ! Nous sommes l\u00e0 pour [&hellip;]<\/p>\n","protected":false},"author":1,"featured_media":0,"parent":0,"menu_order":0,"comment_status":"closed","ping_status":"closed","template":"","meta":{"_acf_changed":false,"footnotes":""},"class_list":["post-19360","page","type-page","status-publish","hentry"],"acf":[],"_links":{"self":[{"href":"https:\/\/squarenuts.be\/fr\/wp-json\/wp\/v2\/pages\/19360","targetHints":{"allow":["GET"]}}],"collection":[{"href":"https:\/\/squarenuts.be\/fr\/wp-json\/wp\/v2\/pages"}],"about":[{"href":"https:\/\/squarenuts.be\/fr\/wp-json\/wp\/v2\/types\/page"}],"author":[{"embeddable":true,"href":"https:\/\/squarenuts.be\/fr\/wp-json\/wp\/v2\/users\/1"}],"replies":[{"embeddable":true,"href":"https:\/\/squarenuts.be\/fr\/wp-json\/wp\/v2\/comments?post=19360"}],"version-history":[{"count":18,"href":"https:\/\/squarenuts.be\/fr\/wp-json\/wp\/v2\/pages\/19360\/revisions"}],"predecessor-version":[{"id":26868,"href":"https:\/\/squarenuts.be\/fr\/wp-json\/wp\/v2\/pages\/19360\/revisions\/26868"}],"wp:attachment":[{"href":"https:\/\/squarenuts.be\/fr\/wp-json\/wp\/v2\/media?parent=19360"}],"curies":[{"name":"wp","href":"https:\/\/api.w.org\/{rel}","templated":true}]}}