{"id":19276,"date":"2023-09-05T16:42:15","date_gmt":"2023-09-05T16:42:15","guid":{"rendered":"https:\/\/staging.squarenuts.be\/politique-de-confidentialite\/"},"modified":"2024-04-16T07:32:21","modified_gmt":"2024-04-16T07:32:21","slug":"politique-de-confidentialite","status":"publish","type":"page","link":"https:\/\/squarenuts.be\/fr\/politique-de-confidentialite\/","title":{"rendered":"Politique de confidentialit\u00e9"},"content":{"rendered":"\t\t<div data-elementor-type=\"wp-page\" data-elementor-id=\"19276\" class=\"elementor elementor-19276 elementor-3\" data-elementor-post-type=\"page\">\n\t\t\t\t<div class=\"elementor-element elementor-element-236b414 e-con-full e-flex e-con e-parent\" data-id=\"236b414\" data-element_type=\"container\" data-e-type=\"container\">\n\t\t\t\t<div class=\"elementor-element elementor-element-46d5f99a elementor-widget elementor-widget-text-editor\" data-id=\"46d5f99a\" data-element_type=\"widget\" data-e-type=\"widget\" data-widget_type=\"text-editor.default\">\n\t\t\t\t<div class=\"elementor-widget-container\">\n\t\t\t\t\t\t\t\t\t<p class=\"privacy-policy-p\">Derni\u00e8re mise \u00e0 jour le 16-Apr-2024<br \/>Date d&#8217;entr\u00e9e en vigueur 16-Apr-2024<\/p>\n<ol class=\"privacy-policy-ol\">\n<li>\n<h2 class=\"privacy-policy-h2\">Les informations que nous recueillons :<\/h2>\n<p class=\"privacy-policy-p\">Nous collecterons et traiterons les informations personnelles suivantes vous concernant :<\/p>\n<ol class=\"privacy-policy-ol\">\n<li>Nom<\/li>\n<li>Courriel<\/li>\n<li>Mobile<\/li>\n<li>Adresse professionnelle<\/li>\n<\/ol>\n<\/li>\n<li>\n<h2 class=\"privacy-policy-h2\">Comment nous utilisons vos informations :<\/h2>\n<p class=\"privacy-policy-p\">Nous utiliserons les informations que nous recueillons \u00e0 votre sujet aux fins suivantes :<\/p>\n<ol class=\"privacy-policy-ol\">\n<li>Marketing\/ Promotion<\/li>\n<li>T\u00e9moignages<\/li>\n<li>Soutien<\/li>\n<li>Informations sur l&#8217;administration<\/li>\n<li>G\u00e9rer les commandes des clients<\/li>\n<\/ol>\n<p class=\"privacy-policy-p\">Si nous voulons utiliser vos informations \u00e0 d&#8217;autres fins, nous vous demanderons votre consentement et nous n&#8217;utiliserons vos informations qu&#8217;apr\u00e8s avoir re\u00e7u votre consentement et, dans ce cas, uniquement aux fins pour lesquelles vous avez donn\u00e9 votre consentement, sauf si la loi nous oblige \u00e0 faire autrement.<\/p>\n<\/li>\n<li>\n<h2 class=\"privacy-policy-h2\">Comment nous partageons vos informations :<\/h2>\n<p class=\"privacy-policy-p\">Nous ne transf\u00e9rerons pas vos informations personnelles \u00e0 un tiers sans votre consentement, sauf dans les circonstances limit\u00e9es d\u00e9crites ci-dessous :<\/p>\n<ol class=\"privacy-policy-ol\">\n<li>Service de publicit\u00e9<\/li>\n<li>Agences de marketing<\/li>\n<li>Analyse<\/li>\n<li>Collecte et traitement des donn\u00e9es<\/li>\n<\/ol>\n<p class=\"privacy-policy-p\">Nous demandons \u00e0 ces tiers d&#8217;utiliser les informations personnelles que nous leur transf\u00e9rons uniquement aux fins pour lesquelles elles ont \u00e9t\u00e9 transf\u00e9r\u00e9es et de ne pas les conserver plus longtemps qu&#8217;il n&#8217;est n\u00e9cessaire pour atteindre lesdites fins.<\/p>\n<p class=\"privacy-policy-p\">Nous pouvons \u00e9galement divulguer vos informations personnelles dans les cas suivants : (1) pour nous conformer \u00e0 la loi, \u00e0 la r\u00e9glementation, \u00e0 l&#8217;ordonnance d&#8217;un tribunal ou \u00e0 toute autre proc\u00e9dure judiciaire applicable ; (2) pour faire respecter les accords que vous avez conclus avec nous, y compris la pr\u00e9sente politique de confidentialit\u00e9 ; ou (3) pour r\u00e9pondre \u00e0 des r\u00e9clamations selon lesquelles votre utilisation du service viole les droits d&#8217;un tiers. Si le service ou notre soci\u00e9t\u00e9 est fusionn\u00e9 ou acquis par une autre soci\u00e9t\u00e9, vos informations seront l&#8217;un des actifs transf\u00e9r\u00e9s au nouveau propri\u00e9taire.<\/p>\n<\/li>\n<li>\n<h2 class=\"privacy-policy-h2\">Conservation de vos informations :<\/h2>\n<p class=\"privacy-policy-p\">Nous conserverons vos informations personnelles pendant 90 jours \u00e0 2 ans apr\u00e8s que les utilisateurs ont r\u00e9sili\u00e9 leur compte ou aussi longtemps que nous en aurons besoin pour atteindre les objectifs pour lesquels elles ont \u00e9t\u00e9 collect\u00e9es, comme indiqu\u00e9 dans la pr\u00e9sente politique de protection de la vie priv\u00e9e. Il se peut que nous devions conserver certaines informations pour des p\u00e9riodes plus longues, par exemple pour la tenue de registres ou l&#8217;\u00e9tablissement de rapports conform\u00e9ment \u00e0 la l\u00e9gislation applicable ou pour d&#8217;autres raisons l\u00e9gitimes telles que l&#8217;application des droits l\u00e9gaux, la pr\u00e9vention de la fraude, etc. Les informations anonymes r\u00e9siduelles et les informations agr\u00e9g\u00e9es, qui ne permettent pas de vous identifier (directement ou indirectement), peuvent \u00eatre stock\u00e9es ind\u00e9finiment.<\/p>\n<\/li>\n<li>\n<h2 class=\"privacy-policy-h2\">Vos droits :<\/h2>\n<p class=\"privacy-policy-p\">En fonction de la l\u00e9gislation applicable, vous pouvez avoir un droit d&#8217;acc\u00e8s et de rectification ou d&#8217;effacement de vos donn\u00e9es \u00e0 caract\u00e8re personnel ou recevoir une copie de vos donn\u00e9es \u00e0 caract\u00e8re personnel, restreindre le traitement actif de vos donn\u00e9es ou vous y opposer, nous demander de partager (portage) vos donn\u00e9es \u00e0 caract\u00e8re personnel avec une autre entit\u00e9, retirer tout consentement que vous nous avez donn\u00e9 pour traiter vos donn\u00e9es, un droit de d\u00e9poser une plainte aupr\u00e8s d&#8217;une autorit\u00e9 statutaire et tout autre droit pertinent en vertu de la l\u00e9gislation applicable. Pour exercer ces droits, vous pouvez nous \u00e9crire \u00e0 info@squarenuts.com. Nous r\u00e9pondrons \u00e0 votre demande conform\u00e9ment \u00e0 la l\u00e9gislation applicable.<\/p>\n<p class=\"privacy-policy-p\">Vous pouvez refuser les communications de marketing direct ou le profilage que nous effectuons \u00e0 des fins de marketing en nous \u00e9crivant \u00e0 l&#8217;adresse suivante : info@squarenuts.com.<\/p>\n<p class=\"privacy-policy-p\">Veuillez noter que si vous ne nous autorisez pas \u00e0 collecter ou \u00e0 traiter les informations personnelles requises ou si vous retirez votre consentement au traitement de ces informations aux fins requises, il se peut que vous ne puissiez pas acc\u00e9der aux services pour lesquels vos informations ont \u00e9t\u00e9 demand\u00e9es, ni les utiliser.<\/p>\n<\/li>\n<li>\n<h2 class=\"privacy-policy-h2\">Cookies, etc.<\/h2>\n<p class=\"privacy-policy-p\">Pour en savoir plus sur la mani\u00e8re dont nous utilisons ces technologies et sur les choix qui s&#8217;offrent \u00e0 vous en ce qui concerne ces technologies de suivi, veuillez consulter notre <a href=\"https:\/\/privacypolicy.cookieyes.com\/squarenuts.be\/cookie-policy\">politique en mati\u00e8re de cookies<\/a>.<\/p>\n<\/li>\n<li>\n<h2 class=\"privacy-policy-h2\">La s\u00e9curit\u00e9 :<\/h2>\n<p class=\"privacy-policy-p\">La s\u00e9curit\u00e9 de vos informations est importante pour nous et nous utiliserons des mesures de s\u00e9curit\u00e9 raisonnables pour emp\u00eacher la perte, l&#8217;utilisation abusive ou la modification non autoris\u00e9e de vos informations sous notre contr\u00f4le. Toutefois, compte tenu des risques inh\u00e9rents, nous ne pouvons pas garantir une s\u00e9curit\u00e9 absolue et, par cons\u00e9quent, nous ne pouvons pas assurer ou garantir la s\u00e9curit\u00e9 des informations que vous nous transmettez et vous le faites \u00e0 vos propres risques.<\/p>\n<\/li>\n<li>\n<h2 class=\"privacy-policy-h2\">Responsable des griefs\/de la protection des donn\u00e9es :<\/h2>\n<p class=\"privacy-policy-p\">Si vous avez des questions ou des pr\u00e9occupations concernant le traitement de vos informations disponibles chez nous, vous pouvez envoyer un courriel \u00e0 notre responsable des griefs \u00e0 SquareNuts &#8211; Mataro Advice, Koningslaan 107 Avenue du Roi &#8211; 1190 Forest, courriel : info@squarenuts.com. Nous r\u00e9pondrons \u00e0 vos pr\u00e9occupations conform\u00e9ment \u00e0 la l\u00e9gislation applicable.<\/p>\n<\/li>\n<\/ol>\n\t\t\t\t\t\t\t\t<\/div>\n\t\t\t\t<\/div>\n\t\t\t\t<\/div>\n\t\t\t\t<\/div>\n\t\t","protected":false},"excerpt":{"rendered":"<p>Derni\u00e8re mise \u00e0 jour le 16-Apr-2024Date d&#8217;entr\u00e9e en vigueur 16-Apr-2024 Les informations que nous recueillons : Nous collecterons et traiterons les informations personnelles suivantes vous concernant : Nom Courriel Mobile Adresse professionnelle Comment nous utilisons vos informations : Nous utiliserons les informations que nous recueillons \u00e0 votre sujet aux fins suivantes : Marketing\/ Promotion T\u00e9moignages [&hellip;]<\/p>\n","protected":false},"author":1,"featured_media":0,"parent":0,"menu_order":0,"comment_status":"closed","ping_status":"open","template":"","meta":{"_acf_changed":false,"footnotes":""},"class_list":["post-19276","page","type-page","status-publish","hentry"],"acf":[],"_links":{"self":[{"href":"https:\/\/squarenuts.be\/fr\/wp-json\/wp\/v2\/pages\/19276","targetHints":{"allow":["GET"]}}],"collection":[{"href":"https:\/\/squarenuts.be\/fr\/wp-json\/wp\/v2\/pages"}],"about":[{"href":"https:\/\/squarenuts.be\/fr\/wp-json\/wp\/v2\/types\/page"}],"author":[{"embeddable":true,"href":"https:\/\/squarenuts.be\/fr\/wp-json\/wp\/v2\/users\/1"}],"replies":[{"embeddable":true,"href":"https:\/\/squarenuts.be\/fr\/wp-json\/wp\/v2\/comments?post=19276"}],"version-history":[{"count":3,"href":"https:\/\/squarenuts.be\/fr\/wp-json\/wp\/v2\/pages\/19276\/revisions"}],"predecessor-version":[{"id":23552,"href":"https:\/\/squarenuts.be\/fr\/wp-json\/wp\/v2\/pages\/19276\/revisions\/23552"}],"wp:attachment":[{"href":"https:\/\/squarenuts.be\/fr\/wp-json\/wp\/v2\/media?parent=19276"}],"curies":[{"name":"wp","href":"https:\/\/api.w.org\/{rel}","templated":true}]}}